{"id":1572,"date":"2022-12-26T16:01:22","date_gmt":"2022-12-26T15:01:22","guid":{"rendered":"https:\/\/stage.itekcom.com\/?page_id=1572"},"modified":"2024-11-23T09:57:08","modified_gmt":"2024-11-23T08:57:08","slug":"legal-notice","status":"publish","type":"page","link":"https:\/\/www.itekcom.com\/en\/legal-notice\/","title":{"rendered":"Legal Notice | Itekcom"},"content":{"rendered":"\t\t<div data-elementor-type=\"wp-page\" data-elementor-id=\"1572\" class=\"elementor elementor-1572\">\n\t\t\t\t\t\t<section class=\"elementor-section elementor-top-section elementor-element elementor-element-41c119a elementor-section-boxed elementor-section-height-default elementor-section-height-default\" data-id=\"41c119a\" data-element_type=\"section\" data-settings=\"{&quot;background_background&quot;:&quot;classic&quot;}\">\n\t\t\t\t\t\t<div class=\"elementor-container elementor-column-gap-default\">\n\t\t\t\t\t<div class=\"elementor-column elementor-col-100 elementor-top-column elementor-element elementor-element-8031617\" data-id=\"8031617\" data-element_type=\"column\">\n\t\t\t<div class=\"elementor-widget-wrap elementor-element-populated\">\n\t\t\t\t\t\t<div class=\"elementor-element elementor-element-a8e8ec2 elementor-widget elementor-widget-heading\" data-id=\"a8e8ec2\" data-element_type=\"widget\" data-widget_type=\"heading.default\">\n\t\t\t\t<div class=\"elementor-widget-container\">\n\t\t\t\t\t<h2 class=\"elementor-heading-title elementor-size-default\">Informations<\/h2>\t\t\t\t<\/div>\n\t\t\t\t<\/div>\n\t\t\t\t<div class=\"elementor-element elementor-element-d145a48 elementor-widget elementor-widget-text-editor\" data-id=\"d145a48\" data-element_type=\"widget\" data-widget_type=\"text-editor.default\">\n\t\t\t\t<div class=\"elementor-widget-container\">\n\t\t\t\t\t\t\t\t\t<p>Le site www.itekcom.com est \u00e9dit\u00e9 et g\u00e9r\u00e9 par Itekcom &#8211; SARL au capital de 50 000\u20ac<\/p><p>\u00a0<\/p><p>Si\u00e8ge social : Itekcom &#8211; 2000 Route des Lucioles &#8211; Les Algorithmes &#8211; Aristote B &#8211; 06410 Biot \u2013 Sophia Antipolis \u2013 FRANCE<\/p><p>\u00a0<\/p><p>N\u00b0 SIREN : 484295068<br \/>N\u00b0 SIRET : 48429506800056<br \/>N\u00b0 de TVA Intracommunautaire : FR10484295068<br \/>N\u00b0 RCS : Antibes B 484 295 068<\/p><p>\u00a0<\/p><p>T\u00e9l.: 04 28 27 01 15<\/p><p>\u00a0<\/p><p>contact [ @ ] itekcom.com<\/p><p>\u00a0<\/p><p>H\u00e9bergement du site www.itekcom.com :<br \/>SAS Nexylan<br \/>SAS au Capital de 150.000 euros<br \/>RCS Lille-M\u00e9tropole 517 884 722<br \/>274 T Av de la Marne 59700 MARCQ-EN-BAROEUL<br \/><a href=\"http:\/\/www.nexylan.com\" target=\"_blank\" rel=\"noopener\">www.nexylan.com<\/a><br \/>+33.(0)3.66.72.15.72<\/p><p>\u00a0<\/p><p><a href=\"https:\/\/itekcom.com\/politique-de-confidentialite\/\">Voir la politique de confidentialit\u00e9.<\/a><\/p>\t\t\t\t\t\t\t\t<\/div>\n\t\t\t\t<\/div>\n\t\t\t\t\t<\/div>\n\t\t<\/div>\n\t\t\t\t\t<\/div>\n\t\t<\/section>\n\t\t\t\t<\/div>\n\t\t","protected":false},"excerpt":{"rendered":"<p>Informations Le site www.itekcom.com est \u00e9dit\u00e9 et g\u00e9r\u00e9 par Itekcom &#8211; SARL au capital de 50 000\u20ac Si\u00e8ge social : Itekcom &#8211; 2000 Route des Lucioles &#8211; Les Algorithmes &#8211; Aristote B &#8211; 06410 Biot \u2013 Sophia Antipolis \u2013 FRANCE N\u00b0 SIREN : 484295068 N\u00b0 SIRET : 48429506800056 N\u00b0 de TVA Intracommunautaire : FR10484295068 N\u00b0 [&hellip;]<\/p>\n","protected":false},"author":2,"featured_media":0,"parent":0,"menu_order":0,"comment_status":"closed","ping_status":"closed","template":"elementor_header_footer","meta":{"footnotes":""},"folder":[],"class_list":["post-1572","page","type-page","status-publish","hentry"],"acf":[],"yoast_head":"<!-- This site is optimized with the Yoast SEO plugin v27.5 - https:\/\/yoast.com\/product\/yoast-seo-wordpress\/ -->\n<title>Mentions L\u00e9gales | Itekcom<\/title>\n<meta name=\"description\" content=\"Consultez les mentions l\u00e9gales de Itekcom, votre agence digitale en sant\u00e9. Contactez-nous pour plus d&#039;informations.\" \/>\n<meta name=\"robots\" content=\"index, follow, max-snippet:-1, max-image-preview:large, max-video-preview:-1\" \/>\n<link rel=\"canonical\" href=\"https:\/\/www.itekcom.com\/en\/legal-notice\/\" \/>\n<meta property=\"og:locale\" content=\"en_US\" \/>\n<meta property=\"og:type\" content=\"article\" \/>\n<meta property=\"og:title\" content=\"Mentions L\u00e9gales | Itekcom\" \/>\n<meta property=\"og:description\" content=\"Consultez les mentions l\u00e9gales de Itekcom, votre agence digitale en sant\u00e9. Contactez-nous pour plus d&#039;informations.\" \/>\n<meta property=\"og:url\" content=\"https:\/\/www.itekcom.com\/en\/legal-notice\/\" \/>\n<meta property=\"og:site_name\" content=\"Agence Digitale Sp\u00e9cialis\u00e9e en E-Sant\u00e9 et Marketing M\u00e9dical\" \/>\n<meta property=\"article:modified_time\" content=\"2024-11-23T08:57:08+00:00\" \/>\n<meta name=\"twitter:card\" content=\"summary_large_image\" \/>\n<meta name=\"twitter:label1\" content=\"Est. reading time\" \/>\n\t<meta name=\"twitter:data1\" content=\"1 minute\" \/>\n<script type=\"application\/ld+json\" class=\"yoast-schema-graph\">{\"@context\":\"https:\\\/\\\/schema.org\",\"@graph\":[{\"@type\":\"WebPage\",\"@id\":\"https:\\\/\\\/www.itekcom.com\\\/mentions-legales\\\/\",\"url\":\"https:\\\/\\\/www.itekcom.com\\\/mentions-legales\\\/\",\"name\":\"Mentions L\u00e9gales | Itekcom\",\"isPartOf\":{\"@id\":\"https:\\\/\\\/www.itekcom.com\\\/#website\"},\"datePublished\":\"2022-12-26T15:01:22+00:00\",\"dateModified\":\"2024-11-23T08:57:08+00:00\",\"description\":\"Consultez les mentions l\u00e9gales de Itekcom, votre agence digitale en sant\u00e9. Contactez-nous pour plus d'informations.\",\"breadcrumb\":{\"@id\":\"https:\\\/\\\/www.itekcom.com\\\/mentions-legales\\\/#breadcrumb\"},\"inLanguage\":\"en-US\",\"potentialAction\":[{\"@type\":\"ReadAction\",\"target\":[\"https:\\\/\\\/www.itekcom.com\\\/mentions-legales\\\/\"]}]},{\"@type\":\"BreadcrumbList\",\"@id\":\"https:\\\/\\\/www.itekcom.com\\\/mentions-legales\\\/#breadcrumb\",\"itemListElement\":[{\"@type\":\"ListItem\",\"position\":1,\"name\":\"Accueil\",\"item\":\"https:\\\/\\\/www.itekcom.com\\\/\"},{\"@type\":\"ListItem\",\"position\":2,\"name\":\"Mentions L\u00e9gales | Itekcom\"}]},{\"@type\":\"WebSite\",\"@id\":\"https:\\\/\\\/www.itekcom.com\\\/#website\",\"url\":\"https:\\\/\\\/www.itekcom.com\\\/\",\"name\":\"Agence Digitale Sp\u00e9cialis\u00e9e en E-Sant\u00e9 et Marketing M\u00e9dical\",\"description\":\"Innover la Sant\u00e9 Digitale, Transformer Vos Ambitions\",\"publisher\":{\"@id\":\"https:\\\/\\\/www.itekcom.com\\\/#organization\"},\"potentialAction\":[{\"@type\":\"SearchAction\",\"target\":{\"@type\":\"EntryPoint\",\"urlTemplate\":\"https:\\\/\\\/www.itekcom.com\\\/?s={search_term_string}\"},\"query-input\":{\"@type\":\"PropertyValueSpecification\",\"valueRequired\":true,\"valueName\":\"search_term_string\"}}],\"inLanguage\":\"en-US\"},{\"@type\":\"Organization\",\"@id\":\"https:\\\/\\\/www.itekcom.com\\\/#organization\",\"name\":\"Agence Digitale Sp\u00e9cialis\u00e9e en E-Sant\u00e9 et Marketing M\u00e9dical\",\"url\":\"https:\\\/\\\/www.itekcom.com\\\/\",\"logo\":{\"@type\":\"ImageObject\",\"inLanguage\":\"en-US\",\"@id\":\"https:\\\/\\\/www.itekcom.com\\\/#\\\/schema\\\/logo\\\/image\\\/\",\"url\":\"https:\\\/\\\/www.itekcom.com\\\/wp-content\\\/uploads\\\/2022\\\/10\\\/logo-itek.svg\",\"contentUrl\":\"https:\\\/\\\/www.itekcom.com\\\/wp-content\\\/uploads\\\/2022\\\/10\\\/logo-itek.svg\",\"caption\":\"Agence Digitale Sp\u00e9cialis\u00e9e en E-Sant\u00e9 et Marketing M\u00e9dical\"},\"image\":{\"@id\":\"https:\\\/\\\/www.itekcom.com\\\/#\\\/schema\\\/logo\\\/image\\\/\"}}]}<\/script>\n<!-- \/ Yoast SEO plugin. -->","yoast_head_json":{"title":"Legal Notice | Itekcom","description":"Consult the legal notice of Itekcom, your digital healthcare agency. Contact us for more information.","robots":{"index":"index","follow":"follow","max-snippet":"max-snippet:-1","max-image-preview":"max-image-preview:large","max-video-preview":"max-video-preview:-1"},"canonical":"https:\/\/www.itekcom.com\/en\/legal-notice\/","og_locale":"en_US","og_type":"article","og_title":"Mentions L\u00e9gales | Itekcom","og_description":"Consultez les mentions l\u00e9gales de Itekcom, votre agence digitale en sant\u00e9. Contactez-nous pour plus d'informations.","og_url":"https:\/\/www.itekcom.com\/en\/legal-notice\/","og_site_name":"Agence Digitale Sp\u00e9cialis\u00e9e en E-Sant\u00e9 et Marketing M\u00e9dical","article_modified_time":"2024-11-23T08:57:08+00:00","twitter_card":"summary_large_image","twitter_misc":{"Est. reading time":"1 minute"},"schema":{"@context":"https:\/\/schema.org","@graph":[{"@type":"WebPage","@id":"https:\/\/www.itekcom.com\/mentions-legales\/","url":"https:\/\/www.itekcom.com\/mentions-legales\/","name":"Legal Notice | Itekcom","isPartOf":{"@id":"https:\/\/www.itekcom.com\/#website"},"datePublished":"2022-12-26T15:01:22+00:00","dateModified":"2024-11-23T08:57:08+00:00","description":"Consult the legal notice of Itekcom, your digital healthcare agency. Contact us for more information.","breadcrumb":{"@id":"https:\/\/www.itekcom.com\/mentions-legales\/#breadcrumb"},"inLanguage":"en-US","potentialAction":[{"@type":"ReadAction","target":["https:\/\/www.itekcom.com\/mentions-legales\/"]}]},{"@type":"BreadcrumbList","@id":"https:\/\/www.itekcom.com\/mentions-legales\/#breadcrumb","itemListElement":[{"@type":"ListItem","position":1,"name":"Accueil","item":"https:\/\/www.itekcom.com\/"},{"@type":"ListItem","position":2,"name":"Mentions L\u00e9gales | Itekcom"}]},{"@type":"WebSite","@id":"https:\/\/www.itekcom.com\/#website","url":"https:\/\/www.itekcom.com\/","name":"Digital Agency Specialized in E-Health and Medical Marketing","description":"Innovating Digital Health, Transforming Your Ambitions","publisher":{"@id":"https:\/\/www.itekcom.com\/#organization"},"potentialAction":[{"@type":"SearchAction","target":{"@type":"EntryPoint","urlTemplate":"https:\/\/www.itekcom.com\/?s={search_term_string}"},"query-input":{"@type":"PropertyValueSpecification","valueRequired":true,"valueName":"search_term_string"}}],"inLanguage":"en-US"},{"@type":"Organization","@id":"https:\/\/www.itekcom.com\/#organization","name":"Digital Agency Specialized in E-Health and Medical Marketing","url":"https:\/\/www.itekcom.com\/","logo":{"@type":"ImageObject","inLanguage":"en-US","@id":"https:\/\/www.itekcom.com\/#\/schema\/logo\/image\/","url":"https:\/\/www.itekcom.com\/wp-content\/uploads\/2022\/10\/logo-itek.svg","contentUrl":"https:\/\/www.itekcom.com\/wp-content\/uploads\/2022\/10\/logo-itek.svg","caption":"Agence Digitale Sp\u00e9cialis\u00e9e en E-Sant\u00e9 et Marketing M\u00e9dical"},"image":{"@id":"https:\/\/www.itekcom.com\/#\/schema\/logo\/image\/"}}]}},"_links":{"self":[{"href":"https:\/\/www.itekcom.com\/en\/wp-json\/wp\/v2\/pages\/1572","targetHints":{"allow":["GET"]}}],"collection":[{"href":"https:\/\/www.itekcom.com\/en\/wp-json\/wp\/v2\/pages"}],"about":[{"href":"https:\/\/www.itekcom.com\/en\/wp-json\/wp\/v2\/types\/page"}],"author":[{"embeddable":true,"href":"https:\/\/www.itekcom.com\/en\/wp-json\/wp\/v2\/users\/2"}],"replies":[{"embeddable":true,"href":"https:\/\/www.itekcom.com\/en\/wp-json\/wp\/v2\/comments?post=1572"}],"version-history":[{"count":2,"href":"https:\/\/www.itekcom.com\/en\/wp-json\/wp\/v2\/pages\/1572\/revisions"}],"predecessor-version":[{"id":4494,"href":"https:\/\/www.itekcom.com\/en\/wp-json\/wp\/v2\/pages\/1572\/revisions\/4494"}],"wp:attachment":[{"href":"https:\/\/www.itekcom.com\/en\/wp-json\/wp\/v2\/media?parent=1572"}],"wp:term":[{"taxonomy":"folder","embeddable":true,"href":"https:\/\/www.itekcom.com\/en\/wp-json\/wp\/v2\/folder?post=1572"}],"curies":[{"name":"wp","href":"https:\/\/api.w.org\/{rel}","templated":true}]}}