{"id":1422,"date":"2022-12-26T11:40:32","date_gmt":"2022-12-26T10:40:32","guid":{"rendered":"https:\/\/stage.itekcom.com\/?page_id=1422"},"modified":"2024-11-23T10:04:04","modified_gmt":"2024-11-23T09:04:04","slug":"pongase-en-contacto-con","status":"publish","type":"page","link":"https:\/\/www.itekcom.com\/es\/pongase-en-contacto-con\/","title":{"rendered":"Contacto Itekcom | Agence Digitale Sant\u00e9"},"content":{"rendered":"\t\t<div data-elementor-type=\"wp-page\" data-elementor-id=\"1422\" class=\"elementor elementor-1422\">\n\t\t\t\t\t\t<section class=\"elementor-section elementor-top-section elementor-element elementor-element-77dde7f elementor-hidden-mobile elementor-section-boxed elementor-section-height-default elementor-section-height-default\" data-id=\"77dde7f\" data-element_type=\"section\" data-settings=\"{&quot;background_background&quot;:&quot;classic&quot;}\">\n\t\t\t\t\t\t<div class=\"elementor-container elementor-column-gap-default\">\n\t\t\t\t\t<div class=\"elementor-column elementor-col-100 elementor-top-column elementor-element elementor-element-dd25a51\" data-id=\"dd25a51\" data-element_type=\"column\">\n\t\t\t<div class=\"elementor-widget-wrap elementor-element-populated\">\n\t\t\t\t\t\t<div class=\"elementor-element elementor-element-4d16e06 elementor-widget elementor-widget-heading\" data-id=\"4d16e06\" data-element_type=\"widget\" data-widget_type=\"heading.default\">\n\t\t\t\t<div class=\"elementor-widget-container\">\n\t\t\t\t\t<h2 class=\"elementor-heading-title elementor-size-default\">Vous avez un projet ? Nos experts sont l\u00e0 pour vous accompagner<\/h2>\t\t\t\t<\/div>\n\t\t\t\t<\/div>\n\t\t\t\t\t<\/div>\n\t\t<\/div>\n\t\t\t\t\t<\/div>\n\t\t<\/section>\n\t\t\t\t<section class=\"elementor-section elementor-top-section elementor-element elementor-element-7646c19 elementor-section-boxed elementor-section-height-default elementor-section-height-default\" data-id=\"7646c19\" data-element_type=\"section\" data-settings=\"{&quot;background_background&quot;:&quot;classic&quot;}\">\n\t\t\t\t\t\t<div class=\"elementor-container elementor-column-gap-default\">\n\t\t\t\t\t<div class=\"elementor-column elementor-col-50 elementor-top-column elementor-element elementor-element-3899257\" data-id=\"3899257\" data-element_type=\"column\">\n\t\t\t<div class=\"elementor-widget-wrap elementor-element-populated\">\n\t\t\t\t\t\t<div class=\"elementor-element elementor-element-063a057 contact-form elementor-widget elementor-widget-wpforms\" data-id=\"063a057\" data-element_type=\"widget\" data-widget_type=\"wpforms.default\">\n\t\t\t\t<div class=\"elementor-widget-container\">\n\t\t\t\t\t<div class=\"wpforms-container wpforms-container-full\" id=\"wpforms-1439\"><form id=\"wpforms-form-1439\" class=\"wpforms-validate wpforms-form wpforms-ajax-form\" data-formid=\"1439\" method=\"post\" enctype=\"multipart\/form-data\" action=\"\/es\/wp-json\/wp\/v2\/pages\/1422\" data-token=\"85dcfd04bccd6c4f1ba2e36932f02601\" data-token-time=\"1777426068\"><noscript class=\"wpforms-error-noscript\">Por favor, activa JavaScript en tu navegador para completar este formulario.<\/noscript><div class=\"wpforms-field-container\"><div id=\"wpforms-1439-field_11-container\" class=\"wpforms-field wpforms-field-text wpforms-one-half wpforms-first black-list wpforms-mobile-full\" data-field-id=\"11\"><label class=\"wpforms-field-label wpforms-label-hide\" for=\"wpforms-1439-field_11\">Votre domaine d&#039;activit\u00e9<\/label><input type=\"text\" id=\"wpforms-1439-field_11\" class=\"wpforms-field-large\" name=\"wpforms[fields][11]\" placeholder=\"Votre domaine d&#039;activit\u00e9\" ><\/div><div id=\"wpforms-1439-field_2-container\" class=\"wpforms-field wpforms-field-select wpforms-one-half black-list wpforms-mobile-full wpforms-field-select-style-modern\" data-field-id=\"2\"><label class=\"wpforms-field-label wpforms-label-hide\" for=\"wpforms-1439-field_2\">Types de prestations<\/label><select id=\"wpforms-1439-field_2\" class=\"wpforms-field-large choicesjs-select\" data-size-class=\"wpforms-field-row wpforms-field-large\" data-search-enabled=\"\" name=\"wpforms[fields][2][]\" multiple=\"multiple\"><option value=\"\" class=\"placeholder\" disabled >Types de prestations<\/option><option value=\"Site internet\"  class=\"choice-1 depth-1\"  >Site internet<\/option><option value=\"R\u00e9f\u00e9rencement\"  class=\"choice-2 depth-1\"  >R\u00e9f\u00e9rencement<\/option><option value=\"Social m\u00e9dia\"  class=\"choice-3 depth-1\"  >Social m\u00e9dia<\/option><option value=\"Email Marketing &amp;  Automation\"  class=\"choice-4 depth-1\"  >Email Marketing &amp;  Automation<\/option><option value=\"Formation\"  class=\"choice-5 depth-1\"  >Formation<\/option><option value=\"Autre\"  class=\"choice-6 depth-1\"  >Autre<\/option><\/select><\/div><div id=\"wpforms-1439-field_9-container\" class=\"wpforms-field wpforms-field-text wpforms-one-half wpforms-first black-list wpforms-mobile-full\" data-field-id=\"9\"><label class=\"wpforms-field-label wpforms-label-hide\" for=\"wpforms-1439-field_9\">Nom* <span class=\"wpforms-required-label\">*<\/span><\/label><input type=\"text\" id=\"wpforms-1439-field_9\" class=\"wpforms-field-large wpforms-field-required\" name=\"wpforms[fields][9]\" placeholder=\"Nom*\" required><\/div><div id=\"wpforms-1439-field_10-container\" class=\"wpforms-field wpforms-field-text wpforms-one-half black-list wpforms-mobile-full\" data-field-id=\"10\"><label class=\"wpforms-field-label wpforms-label-hide\" for=\"wpforms-1439-field_10\">Pr\u00e9nom* <span class=\"wpforms-required-label\">*<\/span><\/label><input type=\"text\" id=\"wpforms-1439-field_10\" class=\"wpforms-field-large wpforms-field-required\" name=\"wpforms[fields][10]\" placeholder=\"Pr\u00e9nom*\" required><\/div><div id=\"wpforms-1439-field_4-container\" class=\"wpforms-field wpforms-field-text champ-gris\" data-field-id=\"4\"><label class=\"wpforms-field-label wpforms-label-hide\" for=\"wpforms-1439-field_4\">Soci\u00e9t\u00e9<\/label><input type=\"text\" id=\"wpforms-1439-field_4\" class=\"wpforms-field-large\" name=\"wpforms[fields][4]\" placeholder=\"Soci\u00e9t\u00e9\" ><\/div><div id=\"wpforms-1439-field_5-container\" class=\"wpforms-field wpforms-field-email wpforms-one-half wpforms-first champ-gris wpforms-mobile-full\" data-field-id=\"5\"><label class=\"wpforms-field-label wpforms-label-hide\" for=\"wpforms-1439-field_5\">E-mail <span class=\"wpforms-required-label\">*<\/span><\/label><input type=\"email\" id=\"wpforms-1439-field_5\" class=\"wpforms-field-large wpforms-field-required\" name=\"wpforms[fields][5]\" placeholder=\"Adresse e-mail*\" spellcheck=\"false\" required><\/div><div id=\"wpforms-1439-field_6-container\" class=\"wpforms-field wpforms-field-text wpforms-one-half champ-gris wpforms-mobile-full\" data-field-id=\"6\"><label class=\"wpforms-field-label wpforms-label-hide\" for=\"wpforms-1439-field_6\">T\u00e9l\u00e9phone <span class=\"wpforms-required-label\">*<\/span><\/label><input type=\"text\" id=\"wpforms-1439-field_6\" class=\"wpforms-field-large wpforms-field-required\" name=\"wpforms[fields][6]\" placeholder=\"T\u00e9l\u00e9phone*\" required><\/div><div id=\"wpforms-1439-field_7-container\" class=\"wpforms-field wpforms-field-textarea form-message champ-gris\" data-field-id=\"7\"><label class=\"wpforms-field-label wpforms-label-hide\" for=\"wpforms-1439-field_7\">D\u00e9crivez bri\u00e8vement votre projet et vos besoins<\/label><textarea id=\"wpforms-1439-field_7\" class=\"wpforms-field-medium\" name=\"wpforms[fields][7]\" placeholder=\"D\u00e9crivez bri\u00e8vement votre projet et vos besoins\" ><\/textarea><\/div><div id=\"wpforms-1439-field_12-container\" class=\"wpforms-field wpforms-field-checkbox acceptation-contact\" data-field-id=\"12\"><label class=\"wpforms-field-label wpforms-label-hide\">Acceptation <span class=\"wpforms-required-label\">*<\/span><\/label><ul id=\"wpforms-1439-field_12\" class=\"wpforms-field-required\"><li class=\"choice-1 depth-1\"><input type=\"checkbox\" id=\"wpforms-1439-field_12_1\" name=\"wpforms[fields][12][]\" value=\"En soumettant ce formulaire, j&#039;accepte que les informations saisies soient utilis\u00e9es dans le cadre de ma demande et de la relation commerciale qui peut en d\u00e9couler. Vous r\u00e9f\u00e9rer \u00e0 la politique de confidentialit\u00e9. \" required ><label class=\"wpforms-field-label-inline\" for=\"wpforms-1439-field_12_1\">En soumettant ce formulaire, j'accepte que les informations saisies soient utilis\u00e9es dans le cadre de ma demande et de la relation commerciale qui peut en d\u00e9couler. Vous r\u00e9f\u00e9rer \u00e0 la politique de confidentialit\u00e9.<\/label><\/li><\/ul><\/div><\/div><!-- .wpforms-field-container --><div class=\"wpforms-recaptcha-container wpforms-is-recaptcha wpforms-is-recaptcha-type-v3\" ><input type=\"hidden\" name=\"wpforms[recaptcha]\" value=\"\"><\/div><div class=\"wpforms-submit-container\" ><input type=\"hidden\" name=\"wpforms[id]\" value=\"1439\"><input type=\"hidden\" name=\"page_title\" value=\"\"><input type=\"hidden\" name=\"page_url\" value=\"https:\/\/www.itekcom.com\/es\/wp-json\/wp\/v2\/pages\/1422\"><input type=\"hidden\" name=\"url_referer\" value=\"\"><button type=\"submit\" name=\"wpforms[submit]\" id=\"wpforms-submit-1439\" class=\"wpforms-submit\" data-alt-text=\"Envoi...\" data-submit-text=\"Envoyer\" aria-live=\"assertive\" value=\"wpforms-submit\">Envoyer<\/button><img decoding=\"async\" src=\"https:\/\/www.itekcom.com\/wp-content\/plugins\/wpforms-lite\/assets\/images\/submit-spin.svg\" class=\"wpforms-submit-spinner\" style=\"display: none;\" width=\"26\" height=\"26\" alt=\"Cargando\"><\/div><\/form><\/div>  <!-- .wpforms-container -->\t\t\t\t<\/div>\n\t\t\t\t<\/div>\n\t\t\t\t<div class=\"elementor-element elementor-element-52853c7 elementor-widget elementor-widget-html\" data-id=\"52853c7\" data-element_type=\"widget\" data-widget_type=\"html.default\">\n\t\t\t\t<div class=\"elementor-widget-container\">\n\t\t\t\t\t<style>\n    .contact-footer{\n        display: none\n    }\n<\/style>\t\t\t\t<\/div>\n\t\t\t\t<\/div>\n\t\t\t\t\t<\/div>\n\t\t<\/div>\n\t\t\t\t<div class=\"elementor-column elementor-col-50 elementor-top-column elementor-element elementor-element-e3ec378\" data-id=\"e3ec378\" data-element_type=\"column\">\n\t\t\t<div class=\"elementor-widget-wrap elementor-element-populated\">\n\t\t\t\t\t\t<div class=\"elementor-element elementor-element-57e3e2d elementor-widget elementor-widget-image\" data-id=\"57e3e2d\" data-element_type=\"widget\" data-widget_type=\"image.default\">\n\t\t\t\t<div class=\"elementor-widget-container\">\n\t\t\t\t\t\t\t\t\t\t\t\t\t\t\t<img fetchpriority=\"high\" decoding=\"async\" width=\"800\" height=\"832\" src=\"https:\/\/www.itekcom.com\/wp-content\/uploads\/2022\/12\/contact-side-985x1024.jpg\" class=\"attachment-large size-large wp-image-1447\" alt=\"\" srcset=\"https:\/\/www.itekcom.com\/wp-content\/uploads\/2022\/12\/contact-side-985x1024.jpg 985w, https:\/\/www.itekcom.com\/wp-content\/uploads\/2022\/12\/contact-side-289x300.jpg 289w, https:\/\/www.itekcom.com\/wp-content\/uploads\/2022\/12\/contact-side-768x799.jpg 768w, https:\/\/www.itekcom.com\/wp-content\/uploads\/2022\/12\/contact-side.jpg 1256w\" sizes=\"(max-width: 800px) 100vw, 800px\" \/>\t\t\t\t\t\t\t\t\t\t\t\t\t\t\t<\/div>\n\t\t\t\t<\/div>\n\t\t\t\t\t<\/div>\n\t\t<\/div>\n\t\t\t\t\t<\/div>\n\t\t<\/section>\n\t\t\t\t<\/div>\n\t\t","protected":false},"excerpt":{"rendered":"<p>\u00bfTiene un proyecto en mente? Nuestros expertos est\u00e1n aqu\u00ed para ayudarle<\/p>","protected":false},"author":2,"featured_media":0,"parent":0,"menu_order":0,"comment_status":"closed","ping_status":"closed","template":"elementor_header_footer","meta":{"footnotes":""},"folder":[],"class_list":["post-1422","page","type-page","status-publish","hentry"],"acf":[],"yoast_head":"<!-- This site is optimized with the Yoast SEO plugin v27.5 - https:\/\/yoast.com\/product\/yoast-seo-wordpress\/ -->\n<title>Contactez Itekcom | Agence Digitale Sant\u00e9<\/title>\n<meta name=\"description\" content=\"Entrez en contact avec Itekcom, votre partenaire en communication digitale sant\u00e9. Nous sommes l\u00e0 pour vous aider !\" \/>\n<meta name=\"robots\" content=\"index, follow, max-snippet:-1, max-image-preview:large, max-video-preview:-1\" \/>\n<link rel=\"canonical\" href=\"https:\/\/www.itekcom.com\/es\/pongase-en-contacto-con\/\" \/>\n<meta property=\"og:locale\" content=\"es_ES\" \/>\n<meta property=\"og:type\" content=\"article\" \/>\n<meta property=\"og:title\" content=\"Contactez Itekcom | Agence Digitale Sant\u00e9\" \/>\n<meta property=\"og:description\" content=\"Entrez en contact avec Itekcom, votre partenaire en communication digitale sant\u00e9. Nous sommes l\u00e0 pour vous aider !\" \/>\n<meta property=\"og:url\" content=\"https:\/\/www.itekcom.com\/es\/pongase-en-contacto-con\/\" \/>\n<meta property=\"og:site_name\" content=\"Agence Digitale Sp\u00e9cialis\u00e9e en E-Sant\u00e9 et Marketing M\u00e9dical\" \/>\n<meta property=\"article:modified_time\" content=\"2024-11-23T09:04:04+00:00\" \/>\n<meta property=\"og:image\" content=\"https:\/\/www.itekcom.com\/wp-content\/uploads\/2022\/12\/contact-side-985x1024.jpg\" \/>\n<meta name=\"twitter:card\" content=\"summary_large_image\" \/>\n<meta name=\"twitter:label1\" content=\"Tiempo de lectura\" \/>\n\t<meta name=\"twitter:data1\" content=\"1 minuto\" \/>\n<script type=\"application\/ld+json\" class=\"yoast-schema-graph\">{\"@context\":\"https:\\\/\\\/schema.org\",\"@graph\":[{\"@type\":\"WebPage\",\"@id\":\"https:\\\/\\\/www.itekcom.com\\\/contact\\\/\",\"url\":\"https:\\\/\\\/www.itekcom.com\\\/contact\\\/\",\"name\":\"Contactez Itekcom | Agence Digitale Sant\u00e9\",\"isPartOf\":{\"@id\":\"https:\\\/\\\/www.itekcom.com\\\/#website\"},\"primaryImageOfPage\":{\"@id\":\"https:\\\/\\\/www.itekcom.com\\\/contact\\\/#primaryimage\"},\"image\":{\"@id\":\"https:\\\/\\\/www.itekcom.com\\\/contact\\\/#primaryimage\"},\"thumbnailUrl\":\"https:\\\/\\\/www.itekcom.com\\\/wp-content\\\/uploads\\\/2022\\\/12\\\/contact-side-985x1024.jpg\",\"datePublished\":\"2022-12-26T10:40:32+00:00\",\"dateModified\":\"2024-11-23T09:04:04+00:00\",\"description\":\"Entrez en contact avec Itekcom, votre partenaire en communication digitale sant\u00e9. Nous sommes l\u00e0 pour vous aider !\",\"breadcrumb\":{\"@id\":\"https:\\\/\\\/www.itekcom.com\\\/contact\\\/#breadcrumb\"},\"inLanguage\":\"es\",\"potentialAction\":[{\"@type\":\"ReadAction\",\"target\":[\"https:\\\/\\\/www.itekcom.com\\\/contact\\\/\"]}]},{\"@type\":\"ImageObject\",\"inLanguage\":\"es\",\"@id\":\"https:\\\/\\\/www.itekcom.com\\\/contact\\\/#primaryimage\",\"url\":\"https:\\\/\\\/www.itekcom.com\\\/wp-content\\\/uploads\\\/2022\\\/12\\\/contact-side-985x1024.jpg\",\"contentUrl\":\"https:\\\/\\\/www.itekcom.com\\\/wp-content\\\/uploads\\\/2022\\\/12\\\/contact-side-985x1024.jpg\"},{\"@type\":\"BreadcrumbList\",\"@id\":\"https:\\\/\\\/www.itekcom.com\\\/contact\\\/#breadcrumb\",\"itemListElement\":[{\"@type\":\"ListItem\",\"position\":1,\"name\":\"Accueil\",\"item\":\"https:\\\/\\\/www.itekcom.com\\\/\"},{\"@type\":\"ListItem\",\"position\":2,\"name\":\"Contactez Itekcom | Agence Digitale Sant\u00e9\"}]},{\"@type\":\"WebSite\",\"@id\":\"https:\\\/\\\/www.itekcom.com\\\/#website\",\"url\":\"https:\\\/\\\/www.itekcom.com\\\/\",\"name\":\"Agence Digitale Sp\u00e9cialis\u00e9e en E-Sant\u00e9 et Marketing M\u00e9dical\",\"description\":\"Innover la Sant\u00e9 Digitale, Transformer Vos Ambitions\",\"publisher\":{\"@id\":\"https:\\\/\\\/www.itekcom.com\\\/#organization\"},\"potentialAction\":[{\"@type\":\"SearchAction\",\"target\":{\"@type\":\"EntryPoint\",\"urlTemplate\":\"https:\\\/\\\/www.itekcom.com\\\/?s={search_term_string}\"},\"query-input\":{\"@type\":\"PropertyValueSpecification\",\"valueRequired\":true,\"valueName\":\"search_term_string\"}}],\"inLanguage\":\"es\"},{\"@type\":\"Organization\",\"@id\":\"https:\\\/\\\/www.itekcom.com\\\/#organization\",\"name\":\"Agence Digitale Sp\u00e9cialis\u00e9e en E-Sant\u00e9 et Marketing M\u00e9dical\",\"url\":\"https:\\\/\\\/www.itekcom.com\\\/\",\"logo\":{\"@type\":\"ImageObject\",\"inLanguage\":\"es\",\"@id\":\"https:\\\/\\\/www.itekcom.com\\\/#\\\/schema\\\/logo\\\/image\\\/\",\"url\":\"https:\\\/\\\/www.itekcom.com\\\/wp-content\\\/uploads\\\/2022\\\/10\\\/logo-itek.svg\",\"contentUrl\":\"https:\\\/\\\/www.itekcom.com\\\/wp-content\\\/uploads\\\/2022\\\/10\\\/logo-itek.svg\",\"caption\":\"Agence Digitale Sp\u00e9cialis\u00e9e en E-Sant\u00e9 et Marketing M\u00e9dical\"},\"image\":{\"@id\":\"https:\\\/\\\/www.itekcom.com\\\/#\\\/schema\\\/logo\\\/image\\\/\"}}]}<\/script>\n<!-- \/ Yoast SEO plugin. -->","yoast_head_json":{"title":"Contacto Itekcom | Agence Digitale Sant\u00e9","description":"P\u00f3ngase en contacto con Itekcom, su socio en comunicaci\u00f3n sanitaria digital. Estamos aqu\u00ed para ayudarle.","robots":{"index":"index","follow":"follow","max-snippet":"max-snippet:-1","max-image-preview":"max-image-preview:large","max-video-preview":"max-video-preview:-1"},"canonical":"https:\/\/www.itekcom.com\/es\/pongase-en-contacto-con\/","og_locale":"es_ES","og_type":"article","og_title":"Contactez Itekcom | Agence Digitale Sant\u00e9","og_description":"Entrez en contact avec Itekcom, votre partenaire en communication digitale sant\u00e9. Nous sommes l\u00e0 pour vous aider !","og_url":"https:\/\/www.itekcom.com\/es\/pongase-en-contacto-con\/","og_site_name":"Agence Digitale Sp\u00e9cialis\u00e9e en E-Sant\u00e9 et Marketing M\u00e9dical","article_modified_time":"2024-11-23T09:04:04+00:00","og_image":[{"url":"https:\/\/www.itekcom.com\/wp-content\/uploads\/2022\/12\/contact-side-985x1024.jpg","type":"","width":"","height":""}],"twitter_card":"summary_large_image","twitter_misc":{"Tiempo de lectura":"1 minuto"},"schema":{"@context":"https:\/\/schema.org","@graph":[{"@type":"WebPage","@id":"https:\/\/www.itekcom.com\/contact\/","url":"https:\/\/www.itekcom.com\/contact\/","name":"Contacto Itekcom | Agence Digitale Sant\u00e9","isPartOf":{"@id":"https:\/\/www.itekcom.com\/#website"},"primaryImageOfPage":{"@id":"https:\/\/www.itekcom.com\/contact\/#primaryimage"},"image":{"@id":"https:\/\/www.itekcom.com\/contact\/#primaryimage"},"thumbnailUrl":"https:\/\/www.itekcom.com\/wp-content\/uploads\/2022\/12\/contact-side-985x1024.jpg","datePublished":"2022-12-26T10:40:32+00:00","dateModified":"2024-11-23T09:04:04+00:00","description":"P\u00f3ngase en contacto con Itekcom, su socio en comunicaci\u00f3n sanitaria digital. Estamos aqu\u00ed para ayudarle.","breadcrumb":{"@id":"https:\/\/www.itekcom.com\/contact\/#breadcrumb"},"inLanguage":"es","potentialAction":[{"@type":"ReadAction","target":["https:\/\/www.itekcom.com\/contact\/"]}]},{"@type":"ImageObject","inLanguage":"es","@id":"https:\/\/www.itekcom.com\/contact\/#primaryimage","url":"https:\/\/www.itekcom.com\/wp-content\/uploads\/2022\/12\/contact-side-985x1024.jpg","contentUrl":"https:\/\/www.itekcom.com\/wp-content\/uploads\/2022\/12\/contact-side-985x1024.jpg"},{"@type":"BreadcrumbList","@id":"https:\/\/www.itekcom.com\/contact\/#breadcrumb","itemListElement":[{"@type":"ListItem","position":1,"name":"Accueil","item":"https:\/\/www.itekcom.com\/"},{"@type":"ListItem","position":2,"name":"Contactez Itekcom | Agence Digitale Sant\u00e9"}]},{"@type":"WebSite","@id":"https:\/\/www.itekcom.com\/#website","url":"https:\/\/www.itekcom.com\/","name":"Agencia digital especializada en sanidad electr\u00f3nica y marketing m\u00e9dico","description":"Innovar en salud digital, transformar sus ambiciones","publisher":{"@id":"https:\/\/www.itekcom.com\/#organization"},"potentialAction":[{"@type":"SearchAction","target":{"@type":"EntryPoint","urlTemplate":"https:\/\/www.itekcom.com\/?s={search_term_string}"},"query-input":{"@type":"PropertyValueSpecification","valueRequired":true,"valueName":"search_term_string"}}],"inLanguage":"es"},{"@type":"Organization","@id":"https:\/\/www.itekcom.com\/#organization","name":"Agencia digital especializada en sanidad electr\u00f3nica y marketing m\u00e9dico","url":"https:\/\/www.itekcom.com\/","logo":{"@type":"ImageObject","inLanguage":"es","@id":"https:\/\/www.itekcom.com\/#\/schema\/logo\/image\/","url":"https:\/\/www.itekcom.com\/wp-content\/uploads\/2022\/10\/logo-itek.svg","contentUrl":"https:\/\/www.itekcom.com\/wp-content\/uploads\/2022\/10\/logo-itek.svg","caption":"Agence Digitale Sp\u00e9cialis\u00e9e en E-Sant\u00e9 et Marketing M\u00e9dical"},"image":{"@id":"https:\/\/www.itekcom.com\/#\/schema\/logo\/image\/"}}]}},"_links":{"self":[{"href":"https:\/\/www.itekcom.com\/es\/wp-json\/wp\/v2\/pages\/1422","targetHints":{"allow":["GET"]}}],"collection":[{"href":"https:\/\/www.itekcom.com\/es\/wp-json\/wp\/v2\/pages"}],"about":[{"href":"https:\/\/www.itekcom.com\/es\/wp-json\/wp\/v2\/types\/page"}],"author":[{"embeddable":true,"href":"https:\/\/www.itekcom.com\/es\/wp-json\/wp\/v2\/users\/2"}],"replies":[{"embeddable":true,"href":"https:\/\/www.itekcom.com\/es\/wp-json\/wp\/v2\/comments?post=1422"}],"version-history":[{"count":1,"href":"https:\/\/www.itekcom.com\/es\/wp-json\/wp\/v2\/pages\/1422\/revisions"}],"predecessor-version":[{"id":4499,"href":"https:\/\/www.itekcom.com\/es\/wp-json\/wp\/v2\/pages\/1422\/revisions\/4499"}],"wp:attachment":[{"href":"https:\/\/www.itekcom.com\/es\/wp-json\/wp\/v2\/media?parent=1422"}],"wp:term":[{"taxonomy":"folder","embeddable":true,"href":"https:\/\/www.itekcom.com\/es\/wp-json\/wp\/v2\/folder?post=1422"}],"curies":[{"name":"wp","href":"https:\/\/api.w.org\/{rel}","templated":true}]}}